{"id":45,"date":"2017-02-01T09:54:20","date_gmt":"2017-02-01T08:54:20","guid":{"rendered":"http:\/\/foodistini.de\/?page_id=45"},"modified":"2021-07-11T15:10:42","modified_gmt":"2021-07-11T13:10:42","slug":"impressum","status":"publish","type":"page","link":"https:\/\/foodistini.de\/en\/wer-ist-foodistini\/impressum\/","title":{"rendered":"Legal Notice and Privacy Notice"},"content":{"rendered":"<p><\/p>\n<h2 style=\"text-align: left;\">The blog &#8220;foodistini&#8221;&nbsp;is operated by:<\/h2>\n<p style=\"text-align: left;\">[<em>information according to \u00a7 5 TMG and \u00a7 55 Abs. 2 RStV<\/em>]<\/p>\n<p style=\"text-align: left;\">Anne-Marie Gerstner<br \/>\nSigmund-Freud-Str. 103<br \/>\n60435 Frankfurt am Main<\/p>\n<p>Telefon:&nbsp;0152 38213422 &#8211; please&nbsp;only contact me <strong>per mail<\/strong><\/p>\n<p><strong>Contact<\/strong> me per mail: foodistini@gmail.com<\/p>\n<p>The use of the contact details for commercial advertising is expressly not desired, unless prior written consent has been given or a business relationship already exists. The provider and all persons named on this website hereby object to any commercial use and disclosure of their data. The operator of the site expressly reserves the right to take legal action in the event of unsolicited sending of advertising information, such as spam emails.<\/p>\n<hr class=\"wp-block-separator\">\n<p>Translation only provided for the convenience of the user. If missunderstandings occur, they are to be solved according to the German version of this website.<\/p>\n<hr class=\"wp-block-separator\">\n<h2 style=\"text-align: left;\">Notice Regarding Content<\/h2>\n<p>The freely availabel content on this website was generated with the highest degree of dilligence. The operator of the website does however not gurantee the correctness or updates of the provided free journalistic content and news.<\/p>\n<p>Articles represent the opinion of the respective cited author and not always the opinion of the operator.<\/p>\n<p>Just accessing the freely available content does not originate an contractual relationship between the operator and user, as insfofar the operator does not posses intent regarding any contractual conclusion.<\/p>\n<p>No responsibility for damages following out the reliance on content of this website or the use of this website is accepted.<\/p>\n<hr class=\"wp-block-separator\">\n<h2 style=\"text-align: left;\">External Links<\/h2>\n<p>This website contains connections to websites of third parties (&#8220;external links&#8221;). These third party websites are subject to the responsibility of their respective operator. Before the first setting of external links the operator of this website checked wether the external content contained any statutory violations. During that point in time no statutory violations were evident. The operator has no influence over the current or future design and content of the linked external websites. The setting of external links does not mean, that the operator embraces the content behind the link or reference as their own. A constant control of external links without a concrete indication of a statutory violation cannot be reasonably expected of the operator. If the operator receives information about a statutory violation the respective external links will be deleted immediately.<\/p>\n<hr class=\"wp-block-separator\">\n<h2 style=\"text-align: left;\">Copyright<\/h2>\n<p>The published content of this website is subject to German copyright law. Each usage, that is not permitted by German copyright law, needs prior written approval of the operator or the respective holder of the rights. This applies in particular to the duplication, editing, translation, saving, processing or playback of content in data bases or other electronic media and systems. Content and rights of third parties are marked as such. The unauthorized duplication or transfer of single content or complete pages is not permitted and punishable by law. Only the creation of copies and downloads for personal, private and non-commercial use is permitted.<\/p>\n<p>The display of this websites in foreign frames is only permitted after prior written approval.<\/p>\n<p>The pictures on this website were taken by Anne-Marie H. Gerstner and as such are her property. If this is not the case for certain pictures, a respective information will be provided. It is not allowed to extract pictures without prior written approval.<\/p>\n<p>Content of third parties is marked as such. However, I ask you to message me if you notice any copyright infringement. The relevant content will be deleted immediately, if it infringes on copyright.<\/p>\n<hr class=\"wp-block-separator\">\n<h2 style=\"text-align: left;\">Datenschutz<\/h2>\n<p>Diese Datenschutzerkl\u00e4rung kl\u00e4rt Sie \u00fcber die Art, den Umfang und Zweck der Verarbeitung von personenbezognen Daten (nachfolgend kurz &#8220;Daten&#8221;) innerhalb unserer Onlineangebots und der mit ihm verbundenen Webseiten, Funktionen und Inhalten sowie externen Onlinepr\u00e4senzen, wie z.B. unser Social Media Profile auf (nachfolgend gemeinsam bezeichnet als &#8220;Onlineangebot&#8221;). Wir m\u00f6chten Sie darauf hinweisen, dass unsere Website Links zu anderen Websites enthalten kann, auf die sich unsere Datenschutzerkl\u00e4rung nicht erstreckt. Im Hinblick auf die verwendeten Begrifflichkeit, wie z.B. &#8220;Verarbeitung&#8221; oder &#8220;Verantwortlicher&#8221; verweisen wir auf die Definitionen in Art. 4 der Datenschutzgrundverordnung (DSGVO).<\/p>\n<h2 style=\"text-align: left;\">Erfassung Ihrer personenbezogenen Daten<\/h2>\n<p>Die Nutzung dieser Webseite ist in der Regel ohne Angabe personenbezogener Daten m\u00f6glich. Soweit auf unseren Seiten personenbezogene Daten (beispielsweise eMail-Adressen) erhoben werden, erfolgt dies, soweit m\u00f6glich, stets auf freiwilliger Basis.<\/p>\n<p>Wir verarbeiten Ihre personenbezogenen Daten f\u00fcr folgende Zwecke sowie auf Basis folgender Rechtsgrundlagen:<\/p>\n<h3>Wenn Sie unsere Internetseite besuchen<\/h3>\n<p>Wir erfassen, wie bei den meisten anderen Internetseiten auch, Daten Ihres Besuchs auf unserer Website. Das dient dazu, die Internetseite sowohl optimiert als auch mit all ihren Funktionen auf dem Ger\u00e4t, das Sie verwenden, dazustellen oder Ihre Pr\u00e4ferenzen f\u00fcr Ihren aktuellen oder zuk\u00fcnftigen Besuch abspeichern zu k\u00f6nnen. Wir verwenden Ihre Daten nicht, um R\u00fcckschl\u00fcsse auf Ihre Person zu ziehen.<\/p>\n<p>Es werden routinem\u00e4\u00dfig folgende Internetprotokolldaten (Log Files) w\u00e4hrend Ihres Besuchs auf unserer Website erfasst: Ihre IP-Adresse, die von Ihnen auf unserer Website besuchten Seiten, welchen Internetbrowser Sie verwenden, das Datum Ihres Besuches sowie wie lange Sie sich hier aufgehalten haben. Ihre IP-Adresse wird komplett anonymisiert erfasst. Die letzten drei Zahlen werden hierbei gel\u00f6scht. Somit ist es nicht mehr m\u00f6glich, dass wir Sie als individuelle Person identifizieren k\u00f6nnen.<\/p>\n<p>Wir verarbeiten diese Daten auf Grundlage gesetzlicher Bedingungen, nach denen die Verarbeitung zul\u00e4ssig ist: da (1) dies zur Erf\u00fcllung des Vertrags \u00fcber die Nutzung unserer Website (Art. 6, Abs. 1, Lit b, DSGVO) erforderlich ist und (2) wir ein berechtigtes Interesse in der Gew\u00e4hrleistung der Funktionen und des fehlerfreien Betriebs unserer Internetseite haben und Ihnen als Nutzer einen ma\u00dfgeschneiderten Service anbieten k\u00f6nnen. \u00dcberwiegende Interessen oder Grundrechte und Grundfreiheiten bestehen nicht (Art. 6, Abs. 1, lit f), DSGVO).<\/p>\n<p>Empf\u00e4nger der Daten ist unser Hosting-Service-Provider, die f\u00fcr den Betrieb unserer Website als Auftragsverarbeiter t\u00e4tig werden. Dieser erh\u00e4lt somit einen Zugang zu Ihren personenbezogenen Daten. Dieser darf personenbezogene Daten nur f\u00fcr die von uns festgelegten Zwecke und Daten gem\u00e4\u00df dieser Datenschutzerkl\u00e4rung und den anwendbaren Datenschutzgesetzen verarbeiten.<\/p>\n<p>Die Bereitstellung der vorgenannten personenbezogenen Daten ist weder gesetzlich noch vertraglich vorgeschrieben. Ohne die IP-Adresse ist jedoch der Dienst und die Funktionsf\u00e4higkeit unserer Website nicht gew\u00e4hrleistet. Zudem k\u00f6nnen einzelne Dienste und Services nicht verf\u00fcgbar oder eingeschr\u00e4nkt sein. Aus diesem Grund ist ein Widerspruch ausgeschlossen.<\/p>\n<p>Wir l\u00f6schen Ihre Daten nach maximal 6 Monaten.<\/p>\n<h3>Wenn Sie mit uns in Kontakt treten<\/h3>\n<p>Wir erfassen und verarbeiten personenbezogene Daten, die Sie uns bei Kontaktaufnahme durch E-Mail, Telefon oder Post zur Verf\u00fcgung stellen. Diese personenbezogen Daten k\u00f6nnen sein: Ihr Nam, Firmenname, Beruf, Ihre Adressdaten, E-Mail-Adresse, Telefon- und Faxnummer, den Inhalt und die Art Ihrer Anfrage und m\u00f6gliche weitere von Ihnen dahin gehend bereitgestellte Informationen, um auf Ihre Anfrage zu antworten. Der Zweck der Datenverarbeitung besteht im Allgemeinen dann darin, mit Ihnen in Kontakt zu treten.<\/p>\n<p>Wir tun dies auf Grundlage Ihrer zuvor erteilten Zustimmung (Art. 1, Abs. 1, lit a), DSGVO) oder um einen Vertrag den Sie mit uns abgeschlossen haben (Art. 6, Abs. 1, lit b), DSGVO) durchzuf\u00fchren oder um in dem berechtigten Interesse, mit Ihnen zu kommunizieren und Ihre Anfrage zu beantworten. Da Sie sich an uns gewendet haben, stehen \u00fcberwiegende Interessen oder Grundrechte und Grundfreiheiten Ihrerseits nicht entgegen (Art. 6, Abs. 1, lit f), DSGVO).<\/p>\n<p>Ihre Kontaktdaten werden wir auch weiterhin speichern, wenn Ihre Anfrage beantwortet wurde, um auf weitere Anliegen reagieren zu k\u00f6nnen.<\/p>\n<hr class=\"wp-block-separator\">\n<h2 style=\"text-align: left;\">Cookies<\/h2>\n<p>Unsere Website verwendet Cookies und \u00e4hnliche Technologien (der Einfachheit halber werden all diese unter &#8220;Cookies&#8221; zusammengefasst). Ein Cookie is eine einfache kleine Datei, die gemeinsam mit den Seiten einer Interetadresse versendet und vom Webbrowser auf dem PC oder einem anderen Ger\u00e4t gespeichert werden kann. Die darin gespeicherten Informationen k\u00f6nnen w\u00e4hrend folgender Buche zu unseren oder den Servern relevanter Drittanbieter gesendet werden.<\/p>\n<p>Wenn Sie unsere Website zum ersten Mal besuchen, wird Ihnen ein Popup mit einer Erkl\u00e4rung zu Cookies angezeigt. Sobald Sie auf &#8220;Alle Cookies akzeptieren&#8221; klicken, stimmen Sie zu, dass wir alle Cookies verwenden, die im Popup und in dieser Cookie-Erkl\u00e4rung beschrieben sind. Sie k\u00f6nnen die Verwendung von Cookies \u00fcber Ihren Browser deaktivieren. Bitte verwenden Sie die Hilfefunktion Ihres Browsers, um zu erfahren, wie Sie diese Einstellungen \u00e4ndern k\u00f6nnen. Beachten Sie jedoch, dass unsere Website dann m\u00f6glicherweise nicht mehr ordnungsgem\u00e4\u00df funktioniert.<\/p>\n<p>Wir verwenden nur technische oder funktionelle Cookies. Diese stellen sicher, dass Teile unserer Website richtig funktionieren und Ihre Nutzervorlieben bekannt bleiben. Durch das Platzieren funktionaler Cookies machen wir es Ihnen einfacher unsere Website zu besuchen. Auf diese Weise m\u00fcssen Sie bei Besuchen unserer Website nicht wiederholt die gleichen Informationen eingeben, zB die Sprache umstellen. Wir k\u00f6nnen diese Cookies ohne Ihr Einverst\u00e4ndnis platzieren.<\/p>\n<p>Wir verwenden keine Analysecookies, Werbecookies oder Sozial Medien Buttons auf dieser Website.<\/p>\n<hr class=\"wp-block-separator\">\n<h2 style=\"text-align: left;\">Verwendung von Scriptbibliotheken (Google Webfonts)<\/h2>\n<p>Um unsere Inhalte browser\u00fcbergreifend korrekt und grafisch ansprechend darzustellen, verwenden wir auf unserer Website \u201eGoogle Web Fonts\u201c der Google LLC (1600 Amphitheatre Parkway, Mountain View, CA 94043, USA; nachfolgend \u201eGoogle\u201c) zur Darstellung von Schriften.<\/p>\n<p>Die Datenschutzrichtlinie des Bibliothekbetreibers Google finden Sie hier:&nbsp;<a href=\"https:\/\/www.google.com\/policies\/privacy\/\">https:\/\/www.google.com\/policies\/privacy\/<\/a><\/p>\n<p>Rechtsgrundlage f\u00fcr die Einbindung von Google Webfonts und dem damit verbundenen Datentransfer zu Google ist Ihre Einwilligung (Art. 6 Abs. 1 lit. a DSGVO).<\/p>\n<p>Der Aufruf von Scriptbibliotheken oder Schriftbibliotheken l\u00f6st automatisch eine Verbindung zum Betreiber der Bibliothek aus. Dabei ist es theoretisch m\u00f6glich \u2013 aktuell allerdings auch unklar ob und ggf. zu welchen Zwecken \u2013 dass der Betreiber in diesem Fall Google Daten erhebt.<\/p>\n<p>Wir erheben keine personenbezogenen Daten, durch die Einbindung von Google Webfonts.<\/p>\n<p>Weitere Informationen zu Google Web Fonts finden Sie unter <a href=\"https:\/\/developers.google.com\/fonts\/faq\">https:\/\/developers.google.com\/fonts\/faq<\/a> und in der Datenschutzerkl\u00e4rung von Google: <a href=\"https:\/\/www.google.com\/policies\/privacy\/\">https:\/\/www.google.com\/policies\/privacy\/<\/a>. Google verarbeitet Ihre Daten in den USA und hat sich dem EU_US Privacy Shield unterworfen <a href=\"https:\/\/www.privacyshield.gov\/EU-US-Framework\">https:\/\/www.privacyshield.gov\/EU-US-Framework<\/a>.<\/p>\n<p>Zur Darstellung der Inhalte wird regelm\u00e4\u00dfig die Programmiersprache JavaScript verwendet. Sie k\u00f6nnen der Datenverarbeitung daher widersprechen, indem Sie die Ausf\u00fchrung von JavaScript in Ihrem Browser deaktivieren oder einen JavaScript-Blocker installieren. Bitte beachten Sie, dass es hierdurch zu Funktionseinschr\u00e4nkungen auf der Website kommen kann.<\/p>\n<hr class=\"wp-block-separator\">\n<h2 style=\"text-align: left;\">Ihre Rechte in Bezug auf pers\u00f6nliche Daten<\/h2>\n<h3>Recht auf Auskunft<\/h3>\n<p>Sie haben das Recht, Auskunft von uns dar\u00fcber zu erhalten, ob personenbezogene Daten von Ihnen verarbeitet wurden oder nicht. Sollten wir personenbezogene Daten von Ihnen verarbeiten, haben Sie das Recht, von uns Auskunft \u00fcber die von uns verarbeiteten personenbezogenen Daten zu verlangen (Art. 15 DSGVO).<\/p>\n<h3>Recht auf Berichtigung<\/h3>\n<p>Sollten unrichtige personenbezogene Daten verarbeitet werden, steht Ihnen ein Recht auf Berichtigung zu (Art. 16 DSGVO).<\/p>\n<h3>Recht auf L\u00f6schung<\/h3>\n<p>Sie haben das Recht, bei Vorliegen der gesetzlichen Voraussetzungen (Art. 17 DSGVO) die L\u00f6schung Ihrer personenbezogenen von uns zu verlangen. Dieses Recht haben Sie insbesondere, wenn personenbezogene Daten f\u00fcr den Zweck, f\u00fcr welchen sie erfasst wurden, nicht mehr erforderlich sind, Ihre personenbezogenen Daten unrechtm\u00e4\u00dfig verarbeitet wurden, personenbezogene Daten aufgrund einer rechtlichen Verpflichtung gel\u00f6scht werden m\u00fcssen oder Sie Ihre Zustimmung widerrufen haben und eine anderweitige Rechtsgrundlage f\u00fcr die Verarbeitung nicht besteht.<\/p>\n<h3>Recht auf Einschr\u00e4nkung der Verarbeitung<\/h3>\n<p>Sie haben das Recht, bei Vorliegen der gesetzlichen Voraussetzungen (Art. 18 DSGVO) von uns die Einschr\u00e4nkung der Verarbeitung Ihrer personenbezogenen Daten zu verlangen. Dieses Recht haben Sie insbesondere, wenn Sie die Richtigkeit Ihrer personenbezogenen Daten bestreiten, und zwar f\u00fcr die Dauer, die es uns erm\u00f6glicht, die Richtigkeit der personenbezogenen Daten zu \u00fcberpr\u00fcfen oder wenn die Verarbeitung unrechtm\u00e4\u00dfig ist und Sie statt der L\u00f6schung Ihrer personenbezogenen Daten die Einschr\u00e4nkung der Nutzung verlangen<\/p>\n<h3>Recht auf Daten\u00fcbertragbarkeit<\/h3>\n<p>Unter den Voraussetzungen des Art. 20 DSGVO steht Ihnen ein Recht zu, Ihre personenbezogenen Daten in einem strukturierten, g\u00e4ngigen und maschinenlesbaren Format zu erhalten und diese Daten einem anderen Verantwortlichen ohne Behinderung durch uns zu \u00fcbermitteln.<\/p>\n<h3>Widerspruch gegen die Verarbeitung<\/h3>\n<p>Sie haben das Recht, aus Gr\u00fcnden, die sich auf Ihrer besonderen Situation ergeben, jederzeit gegen die Verarbeitung Ihrer personenbezogenen Daten, die aufgrund von Artikel 6 Absatz 1 lit. e oder f DSGVO erfolgt, Widerspruch einzulegen. Wir werden in diesem Falle die personenbezogenen Daten nicht mehr verarbeiten, es sei denn, wir weisen zwingende schutzw\u00fcrdige Gr\u00fcnde f\u00fcr die Verarbeitung nach, die Ihre Interessen, Rechte und Freiheiten \u00fcberwiegen, oder die Verarbeitung dient der Geltendmachung, Aus\u00fcbung oder Verteidigung von Rechtsanspr\u00fcchen.<\/p>\n<p>Um diese Reche auszu\u00fcben kontaktieren Sie uns bitte \u00fcber die oben unter \u00a7 1 stehenden Kontaktdaten. Wenn Sie eine Beschwerde dar\u00fcber haben, wie wir Ihre Daten behandeln w\u00fcrden wir diese gerne h\u00f6ren, aber Sie haben auch das Recht diese an die Aufsichtsbeh\u00f6rde (der Datenschutzbeh\u00f6rde) zu richten.<\/p>\n<hr class=\"wp-block-separator\">\n<h2 style=\"text-align: left;\">SSl-Verschl\u00fcsselung<\/h2>\n<p>Um die Sicherheit Ihrer Daten bei der \u00dcbertragung zu sch\u00fctzen, verwenden wir dem aktuellen Stand der Technik entsprechende Verschl\u00fcsselungsverfahren (z. B. SSL) \u00fcber HTTPS.<\/p>\n<hr class=\"wp-block-separator\">\n<h2 style=\"text-align: left;\">\u00c4nderung unserer Datenschutzbestimmungen<\/h2>\n<p>Wir behalten uns vor, diese Datenschutzerkl\u00e4rung anzupassen, damit sie stets den aktuellen rechtlichen Anforderungen entspricht oder um \u00c4nderungen unserer Leistungen in der Datenschutzerkl\u00e4rung umzusetzen, z.B. bei der Einf\u00fchrung neuer Services. F\u00fcr Ihren erneuten Besuch gilt dann die neue Datenschutzerkl\u00e4rung.<\/p>","protected":false},"excerpt":{"rendered":"<p>The blog &#8220;foodistini&#8221;&nbsp;is operated by: [information according to \u00a7 5 TMG and \u00a7 55 Abs. 2 RStV] Anne-Marie Gerstner Sigmund-Freud-Str. 103 60435 Frankfurt am Main Telefon:&nbsp;0152 38213422 &#8211; please&nbsp;only contact me per mail Contact me per mail: foodistini@gmail.com The use of the contact details for commercial advertising is expressly not desired, unless prior written consent [&hellip;]<\/p>\n","protected":false},"author":1,"featured_media":0,"parent":11,"menu_order":0,"comment_status":"closed","ping_status":"closed","template":"","meta":{"footnotes":""},"class_list":["post-45","page","type-page","status-publish","hentry"],"_links":{"self":[{"href":"https:\/\/foodistini.de\/en\/wp-json\/wp\/v2\/pages\/45","targetHints":{"allow":["GET"]}}],"collection":[{"href":"https:\/\/foodistini.de\/en\/wp-json\/wp\/v2\/pages"}],"about":[{"href":"https:\/\/foodistini.de\/en\/wp-json\/wp\/v2\/types\/page"}],"author":[{"embeddable":true,"href":"https:\/\/foodistini.de\/en\/wp-json\/wp\/v2\/users\/1"}],"replies":[{"embeddable":true,"href":"https:\/\/foodistini.de\/en\/wp-json\/wp\/v2\/comments?post=45"}],"version-history":[{"count":19,"href":"https:\/\/foodistini.de\/en\/wp-json\/wp\/v2\/pages\/45\/revisions"}],"predecessor-version":[{"id":1946,"href":"https:\/\/foodistini.de\/en\/wp-json\/wp\/v2\/pages\/45\/revisions\/1946"}],"up":[{"embeddable":true,"href":"https:\/\/foodistini.de\/en\/wp-json\/wp\/v2\/pages\/11"}],"wp:attachment":[{"href":"https:\/\/foodistini.de\/en\/wp-json\/wp\/v2\/media?parent=45"}],"curies":[{"name":"wp","href":"https:\/\/api.w.org\/{rel}","templated":true}]}}